{"id":1090,"date":"2020-06-02T02:32:52","date_gmt":"2020-06-02T02:32:52","guid":{"rendered":"http:\/\/mehdighazi.com\/?page_id=1090"},"modified":"2023-03-20T03:50:22","modified_gmt":"2023-03-20T03:50:22","slug":"bio","status":"publish","type":"page","link":"https:\/\/mehdighazi.com\/fr\/bio\/","title":{"rendered":"Biographie"},"content":{"rendered":"<div data-elementor-type=\"wp-page\" data-elementor-id=\"1090\" class=\"elementor elementor-1090\">\n\t\t\t\t\t\t<section class=\"elementor-section elementor-top-section elementor-element elementor-element-e3af56b elementor-section-boxed elementor-section-height-default elementor-section-height-default\" data-id=\"e3af56b\" data-element_type=\"section\" data-e-type=\"section\" data-settings=\"{&quot;background_background&quot;:&quot;gradient&quot;}\">\n\t\t\t\t\t\t\t<div class=\"elementor-background-overlay\"><\/div>\n\t\t\t\t\t\t\t<div class=\"elementor-container elementor-column-gap-default\">\n\t\t\t\t\t<div class=\"elementor-column elementor-col-100 elementor-top-column elementor-element elementor-element-02afe0b\" data-id=\"02afe0b\" data-element_type=\"column\" data-e-type=\"column\">\n\t\t\t<div class=\"elementor-widget-wrap elementor-element-populated\">\n\t\t\t\t\t\t<div class=\"elementor-element elementor-element-a071697 elementor-widget elementor-widget-heading\" data-id=\"a071697\" data-element_type=\"widget\" data-e-type=\"widget\" data-widget_type=\"heading.default\">\n\t\t\t\t<div class=\"elementor-widget-container\">\n\t\t\t\t\t<h2 class=\"elementor-heading-title elementor-size-default\">Biographie<\/h2>\t\t\t\t<\/div>\n\t\t\t\t<\/div>\n\t\t\t\t\t<\/div>\n\t\t<\/div>\n\t\t\t\t\t<\/div>\n\t\t<\/section>\n\t\t\t\t<section class=\"elementor-section elementor-top-section elementor-element elementor-element-9367baf elementor-section-boxed elementor-section-height-default elementor-section-height-default\" data-id=\"9367baf\" data-element_type=\"section\" data-e-type=\"section\" data-settings=\"{&quot;background_background&quot;:&quot;gradient&quot;}\">\n\t\t\t\t\t\t<div class=\"elementor-container elementor-column-gap-default\">\n\t\t\t\t\t<div class=\"elementor-column elementor-col-100 elementor-top-column elementor-element elementor-element-0465553\" data-id=\"0465553\" data-element_type=\"column\" data-e-type=\"column\">\n\t\t\t<div class=\"elementor-widget-wrap elementor-element-populated\">\n\t\t\t\t\t\t<div class=\"elementor-element elementor-element-5704adc elementor-view-default elementor-widget elementor-widget-icon\" data-id=\"5704adc\" data-element_type=\"widget\" data-e-type=\"widget\" data-widget_type=\"icon.default\">\n\t\t\t\t<div class=\"elementor-widget-container\">\n\t\t\t\t\t\t\t<div class=\"elementor-icon-wrapper\">\n\t\t\t<div class=\"elementor-icon\">\n\t\t\t<i aria-hidden=\"true\" class=\"fas fa-quote-left\"><\/i>\t\t\t<\/div>\n\t\t<\/div>\n\t\t\t\t\t\t<\/div>\n\t\t\t\t<\/div>\n\t\t\t\t<div class=\"elementor-element elementor-element-f4d6a72 elementor-widget elementor-widget-heading\" data-id=\"f4d6a72\" data-element_type=\"widget\" data-e-type=\"widget\" data-widget_type=\"heading.default\">\n\t\t\t\t<div class=\"elementor-widget-container\">\n\t\t\t\t\t<h2 class=\"elementor-heading-title elementor-size-default\">\"Les trois Intermezzi op. 117 de Brahms, qui ouvraient le programme, sont charg\u00e9s d'une \u00e9motion que cache leur apparente simplicit\u00e9. Cette \u00e9motion, le jeune Mehdi l'a communiqu\u00e9e avec un art soutenu qui \u00e9voquait Wilhelm Kempff, rien de moins.\"\n<\/h2>\t\t\t\t<\/div>\n\t\t\t\t<\/div>\n\t\t\t\t<div class=\"elementor-element elementor-element-88dbc85 elementor-widget elementor-widget-heading\" data-id=\"88dbc85\" data-element_type=\"widget\" data-e-type=\"widget\" data-widget_type=\"heading.default\">\n\t\t\t\t<div class=\"elementor-widget-container\">\n\t\t\t\t\t<h2 class=\"elementor-heading-title elementor-size-default\">- La presse<\/h2>\t\t\t\t<\/div>\n\t\t\t\t<\/div>\n\t\t\t\t\t<\/div>\n\t\t<\/div>\n\t\t\t\t\t<\/div>\n\t\t<\/section>\n\t\t\t\t<section class=\"elementor-section elementor-top-section elementor-element elementor-element-81f7986 elementor-section-boxed elementor-section-height-default elementor-section-height-default\" data-id=\"81f7986\" data-element_type=\"section\" data-e-type=\"section\" data-settings=\"{&quot;background_background&quot;:&quot;gradient&quot;}\">\n\t\t\t\t\t\t<div class=\"elementor-container elementor-column-gap-default\">\n\t\t\t\t\t<div class=\"elementor-column elementor-col-66 elementor-top-column elementor-element elementor-element-dcf507a\" data-id=\"dcf507a\" data-element_type=\"column\" data-e-type=\"column\">\n\t\t\t<div class=\"elementor-widget-wrap elementor-element-populated\">\n\t\t\t\t\t\t<div class=\"elementor-element elementor-element-55cc783 elementor-widget-divider--view-line elementor-widget elementor-widget-divider\" data-id=\"55cc783\" data-element_type=\"widget\" data-e-type=\"widget\" data-widget_type=\"divider.default\">\n\t\t\t\t<div class=\"elementor-widget-container\">\n\t\t\t\t\t\t\t<div class=\"elementor-divider\">\n\t\t\t<span class=\"elementor-divider-separator\">\n\t\t\t\t\t\t<\/span>\n\t\t<\/div>\n\t\t\t\t\t\t<\/div>\n\t\t\t\t<\/div>\n\t\t\t\t<div class=\"elementor-element elementor-element-3b09798 elementor-widget elementor-widget-text-editor\" data-id=\"3b09798\" data-element_type=\"widget\" data-e-type=\"widget\" data-widget_type=\"text-editor.default\">\n\t\t\t\t<div class=\"elementor-widget-container\">\n\t\t\t\t\t\t\t\t\t<p>Mehdi Ghazi a \u00e9t\u00e9 d\u00e9crit comme un \u00abpianiste sensible\u00bb (Anthony Tommasini, The New York Times) et \u00abun grand pianiste\u00bb dont l'\u00abart soutenu ... \u00e9voquait Wilhelm Kempff, rien de moins\u00bb (Claude Gingras, La presse, Montr\u00e9al).<\/p><p>Ghazi est laur\u00e9at de l'\u00e9dition 2020 du Concours international de piano Campillos  et m\u00e9daill\u00e9 du Concours international de piano de Hilton Head de 2014. Il a re\u00e7u le deuxi\u00e8me prix et le \u00abPrix du public\u00bb au Prix Orford Music en 2018. Il a aussi \u00e9t\u00e9 s\u00e9lectionn\u00e9 comme l'un des \u00ab30 meilleurs musiciens classiques canadiens de moins de 30 ans\u00bb par la Canadian Broadcasting Corporation en 2015.<\/p><p>En tant que soliste et chambriste, Ghazi s'est produit dans plusieurs salles \u00e0 travers le monde, comme la Grande Salle de l'UNESCO \u00e0 Paris \u00e0 l'\u00e2ge de 12 ans. Il a \u00e9galement travaill\u00e9 et collabor\u00e9 avec des chefs d'orchestre renomm\u00e9s dont Daniel Barenboim, Yoav Talmi, John Morris Russell, Pavel Baleff et Raffi Armenian . Il s'est produit avec des musiciens distingu\u00e9s tels que le pianiste Conrad Tao, le violoniste Valeryi Sokolov, le violoncelliste Aleksey Shadrin, la chanteuse Julie Nasrallah et l'ensemble \u00e0 vent montr\u00e9alais Penta\u00e8dre. En 2010, il a \u00e9t\u00e9 s\u00e9lectionn\u00e9 par la Fondation Glenn Gould pour se produire devant le gouverneur g\u00e9n\u00e9ral du Canada dans le cadre d'un hommage au pianiste Glenn Gould.<\/p><p>Apr\u00e8s s'\u00eatre \u00e9tabli au Canada en 2006, il a re\u00e7u plusieurs prix et r\u00e9compenses : le Sylva Gelber Award en 2014, le premier prix au \u00abFestival de musique classique du Bas-Richelieu\u00bb  et le premier prix au Concours de Musique du Canada en musique de chambre, ainsi que plusieurs concours de musique de chambre et de concerto et diverses bourses sp\u00e9ciales. Il est souvent pr\u00e9sent\u00e9 \u00e0 la radio, \u00e0 la t\u00e9l\u00e9vision et dans les journaux : CBC (2011), Classical 96.3 (2012), The Globe and Mail (2011), Radio et T\u00e9l\u00e9vision alg\u00e9riennes (2006) entre autres.<\/p><p>Ghazi est dipl\u00f4m\u00e9 avec les plus hautes distinctions du Conservatoire de Montr\u00e9al et de l'\u00e9cole Glenn Gould o\u00f9 il a \u00e9tudi\u00e9 avec les pianistes John Perry, Andr\u00e9 Laplante, Marc Durand et Jean Saulnier tout en suivant des cours de ma\u00eetre avec des artistes de renomm\u00e9e internationale tels que: Daniel Barenboim, Leon Fleisher, Emanuel Ax , Menahem Pressler, Dang Thai Son, Michel Beroff, Jean-phillippe Collard, Robert McDonald et John O'Conor.<\/p><p>Ghazi est titulaire d'un baccalaur\u00e9at scientifique alg\u00e9rien et a r\u00e9cemment termin\u00e9 un doctorat en interpr\u00e9tation piano \u00e0 l'Universit\u00e9 de Montr\u00e9al sous la tutelle de Jean Saulnier.<\/p>\t\t\t\t\t\t\t\t<\/div>\n\t\t\t\t<\/div>\n\t\t\t\t\t<\/div>\n\t\t<\/div>\n\t\t\t\t<div class=\"elementor-column elementor-col-33 elementor-top-column elementor-element elementor-element-b87a79c\" data-id=\"b87a79c\" data-element_type=\"column\" data-e-type=\"column\">\n\t\t\t<div class=\"elementor-widget-wrap elementor-element-populated\">\n\t\t\t\t\t\t<div class=\"elementor-element elementor-element-08359f9 elementor-widget elementor-widget-image\" data-id=\"08359f9\" data-element_type=\"widget\" data-e-type=\"widget\" data-widget_type=\"image.default\">\n\t\t\t\t<div class=\"elementor-widget-container\">\n\t\t\t\t\t\t\t\t\t\t\t\t\t\t\t<img fetchpriority=\"high\" decoding=\"async\" width=\"800\" height=\"1200\" src=\"http:\/\/mehdighazi.com\/wp-content\/uploads\/2020\/06\/Mehdi.web-3-1.jpg\" class=\"attachment-full size-full wp-image-1180\" alt=\"\" srcset=\"http:\/\/mehdighazi.com\/wp-content\/uploads\/2020\/06\/Mehdi.web-3-1.jpg 800w, http:\/\/mehdighazi.com\/wp-content\/uploads\/2020\/06\/Mehdi.web-3-1-200x300.jpg 200w, http:\/\/mehdighazi.com\/wp-content\/uploads\/2020\/06\/Mehdi.web-3-1-683x1024.jpg 683w, http:\/\/mehdighazi.com\/wp-content\/uploads\/2020\/06\/Mehdi.web-3-1-768x1152.jpg 768w\" sizes=\"(max-width: 800px) 100vw, 800px\" \/>\t\t\t\t\t\t\t\t\t\t\t\t\t\t\t<\/div>\n\t\t\t\t<\/div>\n\t\t\t\t\t<\/div>\n\t\t<\/div>\n\t\t\t\t\t<\/div>\n\t\t<\/section>\n\t\t\t\t<section class=\"elementor-section elementor-top-section elementor-element elementor-element-19ab8ed elementor-section-boxed elementor-section-height-default elementor-section-height-default\" data-id=\"19ab8ed\" data-element_type=\"section\" data-e-type=\"section\" data-settings=\"{&quot;background_background&quot;:&quot;gradient&quot;}\">\n\t\t\t\t\t\t<div class=\"elementor-container elementor-column-gap-default\">\n\t\t\t\t\t<div class=\"elementor-column elementor-col-100 elementor-top-column elementor-element elementor-element-aeb52ad\" data-id=\"aeb52ad\" data-element_type=\"column\" data-e-type=\"column\">\n\t\t\t<div class=\"elementor-widget-wrap elementor-element-populated\">\n\t\t\t\t\t\t<div class=\"elementor-element elementor-element-0db8b2f elementor-widget elementor-widget-wp-widget-ocean_custom_header_logo\" data-id=\"0db8b2f\" data-element_type=\"widget\" data-e-type=\"widget\" data-widget_type=\"wp-widget-ocean_custom_header_logo.default\">\n\t\t\t\t<div class=\"elementor-widget-container\">\n\t\t\t\t\t\r\n\t\t\t\t<div class=\"custom-header-logo clr center\">\r\n\r\n\t\t\t\t\t\r\n\r\n<div id=\"site-logo\" class=\"clr\" itemscope itemtype=\"https:\/\/schema.org\/Brand\">\r\n\r\n\t\r\n\t<div id=\"site-logo-inner\" class=\"clr\">\r\n\r\n\t\t<a href=\"https:\/\/mehdighazi.com\/fr\/\" class=\"custom-logo-link\" rel=\"home\"><img decoding=\"async\" width=\"200\" height=\"54\" src=\"https:\/\/mehdighazi.com\/wp-content\/uploads\/2021\/03\/cropped-00c31a1b-489d-4bce-9516-756ed3891242_200x200.png\" class=\"custom-logo\" alt=\"Mehdi Ghazi\" \/><\/a>\r\n\t<\/div><!-- #site-logo-inner -->\r\n\r\n\t\r\n\t\r\n<\/div><!-- #site-logo -->\r\n\r\n\r\n\t\t\t\t<\/div>\r\n\r\n\t\t\t\t\t\t\t<\/div>\n\t\t\t\t<\/div>\n\t\t\t\t<div class=\"elementor-element elementor-element-346e532 elementor-widget-divider--view-line elementor-widget elementor-widget-divider\" data-id=\"346e532\" data-element_type=\"widget\" data-e-type=\"widget\" data-widget_type=\"divider.default\">\n\t\t\t\t<div class=\"elementor-widget-container\">\n\t\t\t\t\t\t\t<div class=\"elementor-divider\">\n\t\t\t<span class=\"elementor-divider-separator\">\n\t\t\t\t\t\t<\/span>\n\t\t<\/div>\n\t\t\t\t\t\t<\/div>\n\t\t\t\t<\/div>\n\t\t\t\t<div class=\"elementor-element elementor-element-a9bfb72 elementor-widget elementor-widget-wp-widget-ocean_custom_menu\" data-id=\"a9bfb72\" data-element_type=\"widget\" data-e-type=\"widget\" data-widget_type=\"wp-widget-ocean_custom_menu.default\">\n\t\t\t\t<div class=\"elementor-widget-container\">\n\t\t\t\t\t<style type=\"text\/css\">.ocean_custom_menu-REPLACE_TO_ID > ul > li > a, .custom-menu-widget .ocean_custom_menu-REPLACE_TO_ID .dropdown-menu .sub-menu li a.menu-link{color:#D1D1D1;font-size:15px;letter-spacing:2px;text-transform:uppercase;}.custom-menu-widget .ocean_custom_menu-REPLACE_TO_ID.oceanwp-custom-menu > ul.click-menu .open-this{color:#D1D1D1;font-size:15px;}.ocean_custom_menu-REPLACE_TO_ID > ul > li > a:hover, .custom-menu-widget .ocean_custom_menu-REPLACE_TO_ID .dropdown-menu .sub-menu li a.menu-link:hover{color:#8C5945;}.custom-menu-widget .ocean_custom_menu-REPLACE_TO_ID.oceanwp-custom-menu > ul.click-menu .open-this:hover{color:#8C5945;}<\/style><div class=\"oceanwp-custom-menu clr ocean_custom_menu-REPLACE_TO_ID center dropdown-hover\"><ul id=\"menu-media\" class=\"dropdown-menu sf-menu\"><li  id=\"menu-item-1999\" class=\"menu-item menu-item-type-post_type menu-item-object-page menu-item-1999\"><a href=\"https:\/\/mehdighazi.com\/fr\/photos\/\" class=\"menu-link\">Photos<\/a><\/li>\n<li  id=\"menu-item-1998\" class=\"menu-item menu-item-type-post_type menu-item-object-page menu-item-1998\"><a href=\"https:\/\/mehdighazi.com\/fr\/videos\/\" class=\"menu-link\">Vid\u00e9os<\/a><\/li>\n<li  id=\"menu-item-1997\" class=\"menu-item menu-item-type-post_type menu-item-object-page menu-item-1997\"><a href=\"https:\/\/mehdighazi.com\/fr\/press\/\" class=\"menu-link\">Presse<\/a><\/li>\n<li  id=\"menu-item-2000\" class=\"menu-item menu-item-type-post_type menu-item-object-page menu-item-2000\"><a href=\"https:\/\/mehdighazi.com\/fr\/sheet-music\/\" class=\"menu-link\">Partitions<\/a><\/li>\n<\/ul><\/div>\t\t\t\t<\/div>\n\t\t\t\t<\/div>\n\t\t\t\t<div class=\"elementor-element elementor-element-54a6bf9 elementor-widget elementor-widget-wp-widget-ocean_custom_menu\" data-id=\"54a6bf9\" data-element_type=\"widget\" data-e-type=\"widget\" data-widget_type=\"wp-widget-ocean_custom_menu.default\">\n\t\t\t\t<div class=\"elementor-widget-container\">\n\t\t\t\t\t<div class=\"oceanwp-custom-menu clr ocean_custom_menu-REPLACE_TO_ID center dropdown-hover\"><ul id=\"menu-contact\" class=\"dropdown-menu sf-menu\"><li  id=\"menu-item-2032\" class=\"menu-item menu-item-type-post_type menu-item-object-page menu-item-2032\"><a href=\"https:\/\/mehdighazi.com\/fr\/bio\/\" class=\"menu-link\">Biographie<\/a><\/li>\n<li  id=\"menu-item-2002\" class=\"menu-item menu-item-type-post_type menu-item-object-page menu-item-2002\"><a href=\"https:\/\/mehdighazi.com\/fr\/contact\/\" class=\"menu-link\">Contact<\/a><\/li>\n<\/ul><\/div>\t\t\t\t<\/div>\n\t\t\t\t<\/div>\n\t\t\t\t<div class=\"elementor-element elementor-element-c27df47 elementor-shape-circle elementor-grid-0 e-grid-align-center elementor-widget elementor-widget-social-icons\" data-id=\"c27df47\" data-element_type=\"widget\" data-e-type=\"widget\" data-widget_type=\"social-icons.default\">\n\t\t\t\t<div class=\"elementor-widget-container\">\n\t\t\t\t\t\t\t<div class=\"elementor-social-icons-wrapper elementor-grid\" role=\"list\">\n\t\t\t\t\t\t\t<span class=\"elementor-grid-item\" role=\"listitem\">\n\t\t\t\t\t<a class=\"elementor-icon elementor-social-icon elementor-social-icon-facebook elementor-repeater-item-594e75e\" target=\"_blank\">\n\t\t\t\t\t\t<span class=\"elementor-screen-only\">Facebook<\/span>\n\t\t\t\t\t\t<i aria-hidden=\"true\" class=\"fab fa-facebook\"><\/i>\t\t\t\t\t<\/a>\n\t\t\t\t<\/span>\n\t\t\t\t\t\t\t<span class=\"elementor-grid-item\" role=\"listitem\">\n\t\t\t\t\t<a class=\"elementor-icon elementor-social-icon elementor-social-icon-youtube elementor-repeater-item-b8f2aae\" target=\"_blank\">\n\t\t\t\t\t\t<span class=\"elementor-screen-only\">Youtube<\/span>\n\t\t\t\t\t\t<i aria-hidden=\"true\" class=\"fab fa-youtube\"><\/i>\t\t\t\t\t<\/a>\n\t\t\t\t<\/span>\n\t\t\t\t\t<\/div>\n\t\t\t\t\t\t<\/div>\n\t\t\t\t<\/div>\n\t\t\t\t\t<\/div>\n\t\t<\/div>\n\t\t\t\t\t<\/div>\n\t\t<\/section>\n\t\t\t\t<\/div>","protected":false},"excerpt":{"rendered":"<p>Biography &#8220;Les trois Intermezzi op. 117 de Brahms, qui ouvraient le programme, sont charg\u00e9s d&#8217;une \u00e9motion que cache leur apparente simplicit\u00e9. Cette \u00e9motion, le jeune Mehdi l&#8217;a communiqu\u00e9e avec un art soutenu qui \u00e9voquait Wilhelm Kempff, rien de moins.&#8221; &#8211; La presse Mehdi Ghazi was described as a \u201csensitive pianist\u201d (Anthony Tommasini, The New York [&hellip;]<\/p>\n","protected":false},"author":1,"featured_media":0,"parent":0,"menu_order":0,"comment_status":"closed","ping_status":"closed","template":"","meta":{"ocean_post_layout":"full-screen","ocean_both_sidebars_style":"","ocean_both_sidebars_content_width":0,"ocean_both_sidebars_sidebars_width":0,"ocean_sidebar":"0","ocean_second_sidebar":"0","ocean_disable_margins":"enable","ocean_add_body_class":"","ocean_shortcode_before_top_bar":"","ocean_shortcode_after_top_bar":"","ocean_shortcode_before_header":"","ocean_shortcode_after_header":"","ocean_has_shortcode":"","ocean_shortcode_after_title":"","ocean_shortcode_before_footer_widgets":"","ocean_shortcode_after_footer_widgets":"","ocean_shortcode_before_footer_bottom":"","ocean_shortcode_after_footer_bottom":"","ocean_display_top_bar":"default","ocean_display_header":"default","ocean_header_style":"","ocean_center_header_left_menu":"0","ocean_custom_header_template":"0","ocean_custom_logo":0,"ocean_custom_retina_logo":0,"ocean_custom_logo_max_width":0,"ocean_custom_logo_tablet_max_width":0,"ocean_custom_logo_mobile_max_width":0,"ocean_custom_logo_max_height":0,"ocean_custom_logo_tablet_max_height":0,"ocean_custom_logo_mobile_max_height":0,"ocean_header_custom_menu":"0","ocean_menu_typo_font_family":"0","ocean_menu_typo_font_subset":"","ocean_menu_typo_font_size":0,"ocean_menu_typo_font_size_tablet":0,"ocean_menu_typo_font_size_mobile":0,"ocean_menu_typo_font_size_unit":"px","ocean_menu_typo_font_weight":"","ocean_menu_typo_font_weight_tablet":"","ocean_menu_typo_font_weight_mobile":"","ocean_menu_typo_transform":"","ocean_menu_typo_transform_tablet":"","ocean_menu_typo_transform_mobile":"","ocean_menu_typo_line_height":0,"ocean_menu_typo_line_height_tablet":0,"ocean_menu_typo_line_height_mobile":0,"ocean_menu_typo_line_height_unit":"","ocean_menu_typo_spacing":0,"ocean_menu_typo_spacing_tablet":0,"ocean_menu_typo_spacing_mobile":0,"ocean_menu_typo_spacing_unit":"","ocean_menu_link_color":"","ocean_menu_link_color_hover":"","ocean_menu_link_color_active":"","ocean_menu_link_background":"","ocean_menu_link_hover_background":"","ocean_menu_link_active_background":"","ocean_menu_social_links_bg":"","ocean_menu_social_hover_links_bg":"","ocean_menu_social_links_color":"","ocean_menu_social_hover_links_color":"","ocean_disable_title":"on","ocean_disable_heading":"default","ocean_post_title":"","ocean_post_subheading":"","ocean_post_title_style":"","ocean_post_title_background_color":"","ocean_post_title_background":0,"ocean_post_title_bg_image_position":"","ocean_post_title_bg_image_attachment":"","ocean_post_title_bg_image_repeat":"","ocean_post_title_bg_image_size":"","ocean_post_title_height":0,"ocean_post_title_bg_overlay":0.5,"ocean_post_title_bg_overlay_color":"","ocean_disable_breadcrumbs":"default","ocean_breadcrumbs_color":"","ocean_breadcrumbs_separator_color":"","ocean_breadcrumbs_links_color":"","ocean_breadcrumbs_links_hover_color":"","ocean_display_footer_widgets":"default","ocean_display_footer_bottom":"default","ocean_custom_footer_template":"0","footnotes":""},"class_list":["post-1090","page","type-page","status-publish","hentry","entry"],"_links":{"self":[{"href":"https:\/\/mehdighazi.com\/fr\/wp-json\/wp\/v2\/pages\/1090","targetHints":{"allow":["GET"]}}],"collection":[{"href":"https:\/\/mehdighazi.com\/fr\/wp-json\/wp\/v2\/pages"}],"about":[{"href":"https:\/\/mehdighazi.com\/fr\/wp-json\/wp\/v2\/types\/page"}],"author":[{"embeddable":true,"href":"https:\/\/mehdighazi.com\/fr\/wp-json\/wp\/v2\/users\/1"}],"replies":[{"embeddable":true,"href":"https:\/\/mehdighazi.com\/fr\/wp-json\/wp\/v2\/comments?post=1090"}],"version-history":[{"count":249,"href":"https:\/\/mehdighazi.com\/fr\/wp-json\/wp\/v2\/pages\/1090\/revisions"}],"predecessor-version":[{"id":2529,"href":"https:\/\/mehdighazi.com\/fr\/wp-json\/wp\/v2\/pages\/1090\/revisions\/2529"}],"wp:attachment":[{"href":"https:\/\/mehdighazi.com\/fr\/wp-json\/wp\/v2\/media?parent=1090"}],"curies":[{"name":"wp","href":"https:\/\/api.w.org\/{rel}","templated":true}]}}